{"id":652,"date":"2020-09-12T03:23:24","date_gmt":"2020-09-12T06:23:24","guid":{"rendered":"http:\/\/www.carlosgonzalez.com.uy\/?page_id=652"},"modified":"2020-09-12T11:32:37","modified_gmt":"2020-09-12T14:32:37","slug":"origen","status":"publish","type":"page","link":"https:\/\/carlosgonzalez.com.uy\/?page_id=652","title":{"rendered":"ORIGEN"},"content":{"rendered":"<p>[vc_row full_width=&#8221;stretch_row_content_no_spaces&#8221;][vc_column] \r\n    <section class=\"text-rotator-banner thm-banner-wrapper style-two\" style=\"background-image: url(https:\/\/carlosgonzalez.com.uy\/wp-content\/uploads\/2020\/09\/banner4.jpg);background-position: center left;\">\r\n        <div class=\"thm-container\">\r\n        <div class=\"col-lg-7 col-md-8 pull-right caption-wrapper\">\r\n            <div class=\"caption-h1\">\r\n                 \r\n                <div class=\"type-wrap\">\r\n                    <div class=\"typed-strings\">\r\n                        <p><\/p>\r\n                        <p><\/p>\r\n                        <p><\/p>\r\n                        <p><\/p>\r\n                        <p><\/p>\r\n                    <\/div>\r\n                    <span class=\"typed\"><\/span>\r\n                <\/div><br>            <\/div>\r\n            <span class=\"horiz-border\"><\/span>\r\n            <div class=\"caption-p\">\r\n                            <\/div>\r\n                                            <\/div>\r\n    <\/div>\r\n<\/section>\r\n\r\n\r\n[\/vc_column][\/vc_row][vc_row full_width=&#8221;stretch_row&#8221; el_html=&#8221;&#8221; fullwidth=&#8221;no&#8221; overlay_div=&#8221;no&#8221; css=&#8221;.vc_custom_1461083676658{background-color: #183650 !important;}&#8221;][vc_column type=&#8221;none&#8221; css=&#8221;.vc_custom_1461400579353{padding-top: 0px !important;}&#8221;]  \r\n\r\n<section class=\"welcome-text\">\r\n        <div class=\"title-box text-right\">\r\n            <h3>ORIGEN DEL DESPACHANTE DE ADUANA<\/h3>\r\n        <\/div>\r\n        <div class=\"text-box\">\r\n            <p>El nacimiento de la funci\u00f3n p\u00fablica del Despachante de Aduana se sit\u00faa en los albores de nuestra nacionalidad, cuando en las primeras disposiciones aduaneras del pa\u00eds se habla, frecuentemente, de comerciantes matriculados en la Aduana. Pero el Despachante, actuando a nombre propio y por cuenta de terceros, aparece posteriormente.<\/p>\r\n        <\/div>\r\n<\/section>\r\n\r\n[\/vc_column][\/vc_row][vc_row full_width=&#8221;stretch_row&#8221;][vc_column][vc_empty_space height=&#8221;55px&#8221;][vc_column_text el_class=&#8221;fontsize16&#8243;]Por resoluci\u00f3n de 25 de junio de 1860 se estableci\u00f3 un sistema de \u201ccuadernetas\u201d para acreditar a los importadores los bultos que tuvieran almacenados en los dep\u00f3sitos fiscales. Con el prop\u00f3sito de retiro de los mismos y a fin de no obligar al introductor a gestionar personalmente con la \u201ccuaderneta\u201d se le autoriz\u00f3 a otorgar la transferencia a un tercero. En la Ley de 22 de junio de 1861 ya se usa el vocablo \u201cDespachante\u201d (Art.38\u00ba), defini\u00e9ndosele en el decreto reglamentario dictado el 25 de junio del mismo a\u00f1o, cuando se expresa en el texto que: \u201cse consideran despachantes de aduana los inscriptos como tales en la Colectur\u00eda General\u201d y que \u201cla persona que quiera inscribirse como despachante de aduana deber\u00e1 presentar la garant\u00eda &#8230;\u201d.[\/vc_column_text][vc_empty_space height=&#8221;80px&#8221;][\/vc_column][\/vc_row][vc_row full_width=&#8221;stretch_row&#8221;][vc_column width=&#8221;2\/3&#8243;][vc_column_text el_class=&#8221;fontsize16&#8243;]Vale decir que se le reconoc\u00eda al despachante una funci\u00f3n espec\u00edfica con la consiguiente responsabilidad de su cumplimiento, dado la modalidad de fijaci\u00f3n de garant\u00edas para su desempe\u00f1o, como se dispon\u00eda en el art. 37\u00ba de la citada Ley de 22 junio de 1861, el art. 6\u00ba del Decreto \u2013 Ley de 26 de marzo de 1877 y la garant\u00eda real (fondos p\u00fablicos y t\u00edtulos de propiedad) que se determinaba en el art. 2\u00ba de la resoluci\u00f3n de 27 de octubre de 1879.[\/vc_column_text][vc_empty_space height=&#8221;80px&#8221;][vc_column_text]As\u00ed fue naciendo un esbozo de lo que la profesi\u00f3n ser\u00eda en el futuro y en el continuo devenir del tiempo, aportando sus esfuerzos la Aduana y los despachantes en el encuentro de los mecanismos legales y reglamentarios que permitieran al pa\u00eds realizar su comercio internacional en las mejores condiciones; se fue creando el ordenamiento jur\u00eddico aduanero, constituido por un abundante y complejo conjunto de tratados internacionales, leyes, reglamentos, dict\u00e1menes, etc.. Todo este proceso tan natural, fue creando una tarea, tambi\u00e9n cada vez m\u00e1s dif\u00edcil de acometer e implicando tambi\u00e9n la necesidad de un esfuerzo met\u00f3dico y tenaz y de mentes bien organizadas para un completo dominio de la funci\u00f3n de despachar; fue cre\u00e1ndose en definitiva un t\u00e9cnico con cometidos muy espec\u00edficos, fue form\u00e1ndose el actual profesional DESPACHANTE DE ADUANA.[\/vc_column_text][vc_empty_space height=&#8221;80px&#8221;][\/vc_column][vc_column width=&#8221;1\/3&#8243;][vc_gallery type=&#8221;image_grid&#8221; images=&#8221;692&#8243;][vc_empty_space height=&#8221;80px&#8221;][vc_gallery type=&#8221;image_grid&#8221; images=&#8221;691&#8243;][\/vc_column][\/vc_row][vc_row full_width=&#8221;stretch_row_content_no_spaces&#8221; css=&#8221;.vc_custom_1461082206983{background-position: 0 0 !important;background-repeat: no-repeat !important;}&#8221;][vc_column css=&#8221;.vc_custom_1461082007385{padding-top: 0px !important;}&#8221;][tt_lc_footer_info_block_shortcode title=&#8221;PROVEEDOR MAR\u00cdTIMO&#8221; first_link_text=&#8221;VER M\u00c1S&#8221; first_link=&#8221;http:\/\/www.carlosgonzalez.com.uy\/?tt-service=proveedor-maritimo&#8221;][\/vc_column][\/vc_row]<\/p>\n","protected":false},"excerpt":{"rendered":"<p>[vc_row full_width=&#8221;stretch_row_content_no_spaces&#8221;][vc_column][\/vc_column][\/vc_row][vc_row full_width=&#8221;stretch_row&#8221; el_html=&#8221;&#8221; fullwidth=&#8221;no&#8221; overlay_div=&#8221;no&#8221; css=&#8221;.vc_custom_1461083676658{background-color: #183650 !important;}&#8221;][vc_column type=&#8221;none&#8221; css=&#8221;.vc_custom_1461400579353{padding-top: 0px !important;}&#8221;][\/vc_column][\/vc_row][vc_row full_width=&#8221;stretch_row&#8221;][vc_column][vc_empty_space height=&#8221;55px&#8221;][vc_column_text el_class=&#8221;fontsize16&#8243;]Por resoluci\u00f3n de 25 de junio de 1860 se estableci\u00f3 un sistema de \u201ccuadernetas\u201d para acreditar a los importadores los bultos que tuvieran almacenados en los dep\u00f3sitos fiscales. Con el prop\u00f3sito de retiro de los mismos y a fin de [&hellip;]<\/p>\n","protected":false},"author":1,"featured_media":0,"parent":0,"menu_order":0,"comment_status":"closed","ping_status":"closed","template":"","meta":[],"_links":{"self":[{"href":"https:\/\/carlosgonzalez.com.uy\/index.php?rest_route=\/wp\/v2\/pages\/652"}],"collection":[{"href":"https:\/\/carlosgonzalez.com.uy\/index.php?rest_route=\/wp\/v2\/pages"}],"about":[{"href":"https:\/\/carlosgonzalez.com.uy\/index.php?rest_route=\/wp\/v2\/types\/page"}],"author":[{"embeddable":true,"href":"https:\/\/carlosgonzalez.com.uy\/index.php?rest_route=\/wp\/v2\/users\/1"}],"replies":[{"embeddable":true,"href":"https:\/\/carlosgonzalez.com.uy\/index.php?rest_route=%2Fwp%2Fv2%2Fcomments&post=652"}],"version-history":[{"count":13,"href":"https:\/\/carlosgonzalez.com.uy\/index.php?rest_route=\/wp\/v2\/pages\/652\/revisions"}],"predecessor-version":[{"id":709,"href":"https:\/\/carlosgonzalez.com.uy\/index.php?rest_route=\/wp\/v2\/pages\/652\/revisions\/709"}],"wp:attachment":[{"href":"https:\/\/carlosgonzalez.com.uy\/index.php?rest_route=%2Fwp%2Fv2%2Fmedia&parent=652"}],"curies":[{"name":"wp","href":"https:\/\/api.w.org\/{rel}","templated":true}]}}